{"id":534,"date":"2021-04-08T18:07:36","date_gmt":"2021-04-09T00:07:36","guid":{"rendered":"https:\/\/plani.usac.edu.gt\/?page_id=534"},"modified":"2025-03-03T10:58:42","modified_gmt":"2025-03-03T16:58:42","slug":"politicas","status":"publish","type":"page","link":"https:\/\/plani.usac.edu.gt\/index.php\/documentos\/politicas\/","title":{"rendered":"Pol\u00edticas"},"content":{"rendered":"\n<div class=\"wp-block-group\"><div class=\"wp-block-group__inner-container is-layout-flow wp-block-group-is-layout-flow\">\n<div class=\"wp-block-file\"><a id=\"wp-block-file--media-297639ad-944d-41a8-894f-17341d53f567\" href=\"https:\/\/plani.usac.edu.gt\/wp-content\/uploads\/2025\/02\/Politicas-Generales-USAC.pdf\" target=\"_blank\" rel=\"noreferrer noopener\">Politicas generales USAC<\/a><a href=\"https:\/\/plani.usac.edu.gt\/wp-content\/uploads\/2025\/02\/Politicas-Generales-USAC.pdf\" class=\"wp-block-file__button wp-element-button\" download aria-describedby=\"wp-block-file--media-297639ad-944d-41a8-894f-17341d53f567\">Descarga<\/a><\/div>\n\n\n\n<div class=\"wp-block-file\"><a id=\"wp-block-file--media-8c46cc6d-9b53-4c1d-895b-a12e643170e4\" href=\"https:\/\/plani.usac.edu.gt\/wp-content\/uploads\/2025\/03\/POLITICA-AMBIENTAL-NUEVA-EDICION-2022.pdf\" target=\"_blank\" rel=\"noreferrer noopener\">Pol\u00edtica ambiental USAC<\/a><a href=\"https:\/\/plani.usac.edu.gt\/wp-content\/uploads\/2025\/03\/POLITICA-AMBIENTAL-NUEVA-EDICION-2022.pdf\" class=\"wp-block-file__button wp-element-button\" download aria-describedby=\"wp-block-file--media-8c46cc6d-9b53-4c1d-895b-a12e643170e4\">Descarga<\/a><\/div>\n\n\n\n<div class=\"wp-block-file\"><a id=\"wp-block-file--media-862c26e9-4f58-4ede-ad9a-b35b3812f224\" href=\"https:\/\/plani.usac.edu.gt\/wp-content\/uploads\/2021\/04\/POLITICA-ATENCI\u00d3N-A-LA-POBLACI\u00d3N-CON-DISCAPACIDAD.pdf\" target=\"_blank\" rel=\"noreferrer noopener\"><br>Pol\u00edtica de atenci\u00f3n a la poblaci\u00f3n con discapacidad USAC<\/a><a href=\"https:\/\/plani.usac.edu.gt\/wp-content\/uploads\/2021\/04\/POLITICA-ATENCI\u00d3N-A-LA-POBLACI\u00d3N-CON-DISCAPACIDAD.pdf\" class=\"wp-block-file__button wp-element-button\" download aria-describedby=\"wp-block-file--media-862c26e9-4f58-4ede-ad9a-b35b3812f224\">Descarga<\/a><\/div>\n\n\n\n<div class=\"wp-block-file\"><a id=\"wp-block-file--media-af105993-7d5b-439a-a71c-6e10320e96f6\" href=\"https:\/\/plani.usac.edu.gt\/wp-content\/uploads\/2021\/04\/POLITICA-TRANSPARENCIA.pdf\" target=\"_blank\" rel=\"noreferrer noopener\"><br>Pol\u00edtica de transparencia USAC<\/a><a href=\"https:\/\/plani.usac.edu.gt\/wp-content\/uploads\/2021\/04\/POLITICA-TRANSPARENCIA.pdf\" class=\"wp-block-file__button wp-element-button\" download aria-describedby=\"wp-block-file--media-af105993-7d5b-439a-a71c-6e10320e96f6\">Descarga<\/a><\/div>\n<\/div><\/div>\n\n\n\n<div class=\"wp-block-file\"><a id=\"wp-block-file--media-9c656a43-fa96-45a2-adad-3f7920fd837e\" href=\"https:\/\/plani.usac.edu.gt\/wp-content\/uploads\/2025\/02\/Politica-de-educacion-a-distancia.pdf\" target=\"_blank\" rel=\"noreferrer noopener\">Pol\u00edtica de educaci\u00f3n a distancia USAC<\/a><a href=\"https:\/\/plani.usac.edu.gt\/wp-content\/uploads\/2025\/02\/Politica-de-educacion-a-distancia.pdf\" class=\"wp-block-file__button wp-element-button\" download aria-describedby=\"wp-block-file--media-9c656a43-fa96-45a2-adad-3f7920fd837e\">Descarga<\/a><\/div>\n\n\n\n<div class=\"wp-block-file\"><a id=\"wp-block-file--media-039ba996-7960-49e7-886e-b449ea95ef72\" href=\"https:\/\/plani.usac.edu.gt\/wp-content\/uploads\/2021\/04\/POL\u00cdTICA-DE-PROPIEDAD-INTELECTUAL.pdf\" target=\"_blank\" rel=\"noreferrer noopener\">Pol\u00edtica de propiedad intelectual USAC<\/a><a href=\"https:\/\/plani.usac.edu.gt\/wp-content\/uploads\/2021\/04\/POL\u00cdTICA-DE-PROPIEDAD-INTELECTUAL.pdf\" class=\"wp-block-file__button wp-element-button\" download aria-describedby=\"wp-block-file--media-039ba996-7960-49e7-886e-b449ea95ef72\">Descarga<\/a><\/div>\n\n\n\n<div class=\"wp-block-file\"><a id=\"wp-block-file--media-ca1cd6a6-fd8d-4d70-9d0f-653e6c0b57d5\" href=\"https:\/\/plani.usac.edu.gt\/wp-content\/uploads\/2021\/04\/POL\u00cdTICA-DEL-TELETRABAJO.pdf\" target=\"_blank\" rel=\"noreferrer noopener\">Pol\u00edtica del teletrabajo USAC<\/a><a href=\"https:\/\/plani.usac.edu.gt\/wp-content\/uploads\/2021\/04\/POL\u00cdTICA-DEL-TELETRABAJO.pdf\" class=\"wp-block-file__button wp-element-button\" download aria-describedby=\"wp-block-file--media-ca1cd6a6-fd8d-4d70-9d0f-653e6c0b57d5\">Descarga<\/a><\/div>\n\n\n\n<div class=\"wp-block-file\"><a id=\"wp-block-file--media-55a0beb6-f3ae-4938-b3fd-3b1e6b80b2dc\" href=\"https:\/\/plani.usac.edu.gt\/wp-content\/uploads\/2021\/04\/POL\u00cdTICA-CERO-USO-DE-DUROPORT-Y-PLASTICO.pdf\" target=\"_blank\" rel=\"noreferrer noopener\">Pol\u00edtica de cero uso de productos de poliestireno y pl\u00e1stico no reciclable USAC<\/a><a href=\"https:\/\/plani.usac.edu.gt\/wp-content\/uploads\/2021\/04\/POL\u00cdTICA-CERO-USO-DE-DUROPORT-Y-PLASTICO.pdf\" class=\"wp-block-file__button wp-element-button\" download aria-describedby=\"wp-block-file--media-55a0beb6-f3ae-4938-b3fd-3b1e6b80b2dc\">Descarga<\/a><\/div>\n\n\n\n<div class=\"wp-block-file\"><a id=\"wp-block-file--media-738fe268-8b6f-4509-a822-e7fd173d8784\" href=\"https:\/\/plani.usac.edu.gt\/wp-content\/uploads\/2025\/02\/politica-de-calidad-educativa.pdf\" target=\"_blank\" rel=\"noreferrer noopener\">Pol\u00edtica de calidad educativa USAC<\/a><a href=\"https:\/\/plani.usac.edu.gt\/wp-content\/uploads\/2025\/02\/politica-de-calidad-educativa.pdf\" class=\"wp-block-file__button wp-element-button\" download aria-describedby=\"wp-block-file--media-738fe268-8b6f-4509-a822-e7fd173d8784\">Descarga<\/a><\/div>\n\n\n\n<div class=\"wp-block-file\"><a id=\"wp-block-file--media-a8747aa9-a55e-41fe-bb4b-4698e245bdfb\" href=\"https:\/\/plani.usac.edu.gt\/wp-content\/uploads\/2025\/02\/politica-de-credito-academico.pdf\" target=\"_blank\" rel=\"noreferrer noopener\">Pol\u00edtica de cr\u00e9dito acad\u00e9mico USAC<\/a><a href=\"https:\/\/plani.usac.edu.gt\/wp-content\/uploads\/2025\/02\/politica-de-credito-academico.pdf\" class=\"wp-block-file__button wp-element-button\" download aria-describedby=\"wp-block-file--media-a8747aa9-a55e-41fe-bb4b-4698e245bdfb\">Descarga<\/a><\/div>\n\n\n\n<div class=\"wp-block-file\"><a id=\"wp-block-file--media-798b3d19-1baa-4c9f-bb1d-46c2ad2359fc\" href=\"https:\/\/plani.usac.edu.gt\/wp-content\/uploads\/2021\/04\/Pol\u00edtica-de-Homologaci\u00f3n-USAC.pdf\" target=\"_blank\" rel=\"noreferrer noopener\">Pol\u00edtica de homologaci\u00f3n USAC<\/a><a href=\"https:\/\/plani.usac.edu.gt\/wp-content\/uploads\/2021\/04\/Pol\u00edtica-de-Homologaci\u00f3n-USAC.pdf\" class=\"wp-block-file__button wp-element-button\" download aria-describedby=\"wp-block-file--media-798b3d19-1baa-4c9f-bb1d-46c2ad2359fc\">Descarga<\/a><\/div>\n\n\n\n<div class=\"wp-block-file\"><a id=\"wp-block-file--media-ed3e5e20-c9cc-4a6b-99f3-aafe58c14de8\" href=\"https:\/\/plani.usac.edu.gt\/wp-content\/uploads\/2025\/02\/Politica-de-investigacion-USAC.pdf\" target=\"_blank\" rel=\"noreferrer noopener\">Pol\u00edtica de investigacion USAC<\/a><a href=\"https:\/\/plani.usac.edu.gt\/wp-content\/uploads\/2025\/02\/Politica-de-investigacion-USAC.pdf\" class=\"wp-block-file__button wp-element-button\" download aria-describedby=\"wp-block-file--media-ed3e5e20-c9cc-4a6b-99f3-aafe58c14de8\">Descarga<\/a><\/div>\n\n\n\n<div class=\"wp-block-file\"><a id=\"wp-block-file--media-e209f9b3-0f3b-42a2-8bad-ded27399bacc\" href=\"https:\/\/plani.usac.edu.gt\/wp-content\/uploads\/2025\/02\/Politica-Salarial.pdf\" target=\"_blank\" rel=\"noreferrer noopener\">Pol\u00edtica salarial USAC<\/a><a href=\"https:\/\/plani.usac.edu.gt\/wp-content\/uploads\/2025\/02\/Politica-Salarial.pdf\" class=\"wp-block-file__button wp-element-button\" download aria-describedby=\"wp-block-file--media-e209f9b3-0f3b-42a2-8bad-ded27399bacc\">Descarga<\/a><\/div>\n","protected":false},"excerpt":{"rendered":"","protected":false},"author":1,"featured_media":0,"parent":34,"menu_order":0,"comment_status":"closed","ping_status":"closed","template":"","meta":{"footnotes":""},"class_list":["post-534","page","type-page","status-publish","hentry","post-preview"],"_links":{"self":[{"href":"https:\/\/plani.usac.edu.gt\/index.php\/wp-json\/wp\/v2\/pages\/534","targetHints":{"allow":["GET"]}}],"collection":[{"href":"https:\/\/plani.usac.edu.gt\/index.php\/wp-json\/wp\/v2\/pages"}],"about":[{"href":"https:\/\/plani.usac.edu.gt\/index.php\/wp-json\/wp\/v2\/types\/page"}],"author":[{"embeddable":true,"href":"https:\/\/plani.usac.edu.gt\/index.php\/wp-json\/wp\/v2\/users\/1"}],"replies":[{"embeddable":true,"href":"https:\/\/plani.usac.edu.gt\/index.php\/wp-json\/wp\/v2\/comments?post=534"}],"version-history":[{"count":33,"href":"https:\/\/plani.usac.edu.gt\/index.php\/wp-json\/wp\/v2\/pages\/534\/revisions"}],"predecessor-version":[{"id":994,"href":"https:\/\/plani.usac.edu.gt\/index.php\/wp-json\/wp\/v2\/pages\/534\/revisions\/994"}],"up":[{"embeddable":true,"href":"https:\/\/plani.usac.edu.gt\/index.php\/wp-json\/wp\/v2\/pages\/34"}],"wp:attachment":[{"href":"https:\/\/plani.usac.edu.gt\/index.php\/wp-json\/wp\/v2\/media?parent=534"}],"curies":[{"name":"wp","href":"https:\/\/api.w.org\/{rel}","templated":true}]}}